{"id":368,"date":"2022-05-04T10:03:20","date_gmt":"2022-05-04T10:03:20","guid":{"rendered":"https:\/\/photos.oceanwp.org\/?page_id=368"},"modified":"2022-10-08T11:21:05","modified_gmt":"2022-10-08T11:21:05","slug":"pocetna","status":"publish","type":"page","link":"https:\/\/jungle.rs\/","title":{"rendered":"Po\u010detna"},"content":{"rendered":"\t\t<div data-elementor-type=\"wp-page\" data-elementor-id=\"368\" class=\"elementor elementor-368\">\n\t\t\t\t\t\t<section class=\"elementor-section elementor-top-section elementor-element elementor-element-cfa1af3 elementor-section-content-middle elementor-section-boxed elementor-section-height-default elementor-section-height-default elementor-invisible\" data-id=\"cfa1af3\" data-element_type=\"section\" data-settings=\"{&quot;background_background&quot;:&quot;slideshow&quot;,&quot;background_slideshow_gallery&quot;:[{&quot;id&quot;:694,&quot;url&quot;:&quot;http:\\\/\\\/jungle.rs\\\/wp-content\\\/uploads\\\/2022\\\/09\\\/WhatsApp-Image-2022-09-27-at-5.08.48-PM.jpeg&quot;},{&quot;id&quot;:691,&quot;url&quot;:&quot;http:\\\/\\\/jungle.rs\\\/wp-content\\\/uploads\\\/2022\\\/09\\\/WhatsApp-Image-2022-09-27-at-5.08.48-PM-4.jpeg&quot;},{&quot;id&quot;:690,&quot;url&quot;:&quot;http:\\\/\\\/jungle.rs\\\/wp-content\\\/uploads\\\/2022\\\/09\\\/WhatsApp-Image-2022-09-27-at-5.08.48-PM-3.jpeg&quot;},{&quot;id&quot;:689,&quot;url&quot;:&quot;http:\\\/\\\/jungle.rs\\\/wp-content\\\/uploads\\\/2022\\\/09\\\/WhatsApp-Image-2022-09-27-at-5.08.48-PM-2.jpeg&quot;},{&quot;id&quot;:688,&quot;url&quot;:&quot;http:\\\/\\\/jungle.rs\\\/wp-content\\\/uploads\\\/2022\\\/09\\\/WhatsApp-Image-2022-09-27-at-5.08.48-PM-1.jpeg&quot;},{&quot;id&quot;:686,&quot;url&quot;:&quot;http:\\\/\\\/jungle.rs\\\/wp-content\\\/uploads\\\/2022\\\/09\\\/WhatsApp-Image-2022-09-27-at-5.08.47-PM-9.jpeg&quot;},{&quot;id&quot;:687,&quot;url&quot;:&quot;http:\\\/\\\/jungle.rs\\\/wp-content\\\/uploads\\\/2022\\\/09\\\/WhatsApp-Image-2022-09-27-at-5.08.47-PM.jpeg&quot;},{&quot;id&quot;:685,&quot;url&quot;:&quot;http:\\\/\\\/jungle.rs\\\/wp-content\\\/uploads\\\/2022\\\/09\\\/WhatsApp-Image-2022-09-27-at-5.08.47-PM-8.jpeg&quot;},{&quot;id&quot;:684,&quot;url&quot;:&quot;http:\\\/\\\/jungle.rs\\\/wp-content\\\/uploads\\\/2022\\\/09\\\/WhatsApp-Image-2022-09-27-at-5.08.47-PM-7.jpeg&quot;},{&quot;id&quot;:682,&quot;url&quot;:&quot;http:\\\/\\\/jungle.rs\\\/wp-content\\\/uploads\\\/2022\\\/09\\\/WhatsApp-Image-2022-09-27-at-5.08.47-PM-5.jpeg&quot;},{&quot;id&quot;:683,&quot;url&quot;:&quot;http:\\\/\\\/jungle.rs\\\/wp-content\\\/uploads\\\/2022\\\/09\\\/WhatsApp-Image-2022-09-27-at-5.08.47-PM-6.jpeg&quot;},{&quot;id&quot;:681,&quot;url&quot;:&quot;http:\\\/\\\/jungle.rs\\\/wp-content\\\/uploads\\\/2022\\\/09\\\/WhatsApp-Image-2022-09-27-at-5.08.47-PM-4.jpeg&quot;},{&quot;id&quot;:679,&quot;url&quot;:&quot;http:\\\/\\\/jungle.rs\\\/wp-content\\\/uploads\\\/2022\\\/09\\\/WhatsApp-Image-2022-09-27-at-5.08.47-PM-2.jpeg&quot;},{&quot;id&quot;:680,&quot;url&quot;:&quot;http:\\\/\\\/jungle.rs\\\/wp-content\\\/uploads\\\/2022\\\/09\\\/WhatsApp-Image-2022-09-27-at-5.08.47-PM-3.jpeg&quot;},{&quot;id&quot;:678,&quot;url&quot;:&quot;http:\\\/\\\/jungle.rs\\\/wp-content\\\/uploads\\\/2022\\\/09\\\/WhatsApp-Image-2022-09-27-at-5.08.47-PM-1.jpeg&quot;},{&quot;id&quot;:677,&quot;url&quot;:&quot;http:\\\/\\\/jungle.rs\\\/wp-content\\\/uploads\\\/2022\\\/09\\\/WhatsApp-Image-2022-09-27-at-5.08.46-PM.jpeg&quot;},{&quot;id&quot;:676,&quot;url&quot;:&quot;http:\\\/\\\/jungle.rs\\\/wp-content\\\/uploads\\\/2022\\\/09\\\/WhatsApp-Image-2022-09-27-at-5.08.46-PM-9.jpeg&quot;},{&quot;id&quot;:674,&quot;url&quot;:&quot;http:\\\/\\\/jungle.rs\\\/wp-content\\\/uploads\\\/2022\\\/09\\\/WhatsApp-Image-2022-09-27-at-5.08.46-PM-7.jpeg&quot;},{&quot;id&quot;:673,&quot;url&quot;:&quot;http:\\\/\\\/jungle.rs\\\/wp-content\\\/uploads\\\/2022\\\/09\\\/WhatsApp-Image-2022-09-27-at-5.08.46-PM-6.jpeg&quot;},{&quot;id&quot;:672,&quot;url&quot;:&quot;http:\\\/\\\/jungle.rs\\\/wp-content\\\/uploads\\\/2022\\\/09\\\/WhatsApp-Image-2022-09-27-at-5.08.46-PM-5.jpeg&quot;},{&quot;id&quot;:671,&quot;url&quot;:&quot;http:\\\/\\\/jungle.rs\\\/wp-content\\\/uploads\\\/2022\\\/09\\\/WhatsApp-Image-2022-09-27-at-5.08.46-PM-4.jpeg&quot;},{&quot;id&quot;:670,&quot;url&quot;:&quot;http:\\\/\\\/jungle.rs\\\/wp-content\\\/uploads\\\/2022\\\/09\\\/WhatsApp-Image-2022-09-27-at-5.08.46-PM-3.jpeg&quot;},{&quot;id&quot;:669,&quot;url&quot;:&quot;http:\\\/\\\/jungle.rs\\\/wp-content\\\/uploads\\\/2022\\\/09\\\/WhatsApp-Image-2022-09-27-at-5.08.46-PM-2.jpeg&quot;},{&quot;id&quot;:668,&quot;url&quot;:&quot;http:\\\/\\\/jungle.rs\\\/wp-content\\\/uploads\\\/2022\\\/09\\\/WhatsApp-Image-2022-09-27-at-5.08.46-PM-1.jpeg&quot;},{&quot;id&quot;:695,&quot;url&quot;:&quot;http:\\\/\\\/jungle.rs\\\/wp-content\\\/uploads\\\/2022\\\/09\\\/WhatsApp-Image-2022-09-27-at-5.21.25-PM.jpeg&quot;},{&quot;id&quot;:693,&quot;url&quot;:&quot;http:\\\/\\\/jungle.rs\\\/wp-content\\\/uploads\\\/2022\\\/09\\\/WhatsApp-Image-2022-09-27-at-5.08.48-PM-6.jpeg&quot;},{&quot;id&quot;:692,&quot;url&quot;:&quot;http:\\\/\\\/jungle.rs\\\/wp-content\\\/uploads\\\/2022\\\/09\\\/WhatsApp-Image-2022-09-27-at-5.08.48-PM-5.jpeg&quot;}],&quot;background_slideshow_slide_duration&quot;:3600,&quot;background_slideshow_slide_transition&quot;:&quot;slide_left&quot;,&quot;background_slideshow_transition_duration&quot;:800,&quot;animation&quot;:&quot;fadeIn&quot;,&quot;animation_delay&quot;:800,&quot;background_slideshow_lazyload&quot;:&quot;yes&quot;,&quot;background_slideshow_loop&quot;:&quot;yes&quot;}\">\n\t\t\t\t\t\t\t<div class=\"elementor-background-overlay\"><\/div>\n\t\t\t\t\t\t\t<div class=\"elementor-container elementor-column-gap-no\">\n\t\t\t\t\t<div class=\"elementor-column elementor-col-100 elementor-top-column elementor-element elementor-element-7625847\" data-id=\"7625847\" data-element_type=\"column\">\n\t\t\t<div class=\"elementor-widget-wrap elementor-element-populated\">\n\t\t\t\t\t\t<div class=\"elementor-element elementor-element-1930117 elementor-widget elementor-widget-heading\" data-id=\"1930117\" data-element_type=\"widget\" data-widget_type=\"heading.default\">\n\t\t\t\t<div class=\"elementor-widget-container\">\n\t\t\t<h2 class=\"elementor-heading-title elementor-size-xxl\">Jungle igraonica<\/h2>\t\t<\/div>\n\t\t\t\t<\/div>\n\t\t\t\t\t<\/div>\n\t\t<\/div>\n\t\t\t\t\t<\/div>\n\t\t<\/section>\n\t\t\t\t<section class=\"elementor-section elementor-top-section elementor-element elementor-element-753047d elementor-section-content-middle elementor-reverse-mobile elementor-reverse-tablet elementor-section-boxed elementor-section-height-default elementor-section-height-default\" data-id=\"753047d\" data-element_type=\"section\" data-settings=\"{&quot;background_background&quot;:&quot;classic&quot;}\">\n\t\t\t\t\t\t<div class=\"elementor-container elementor-column-gap-default\">\n\t\t\t\t\t<div class=\"elementor-column elementor-col-50 elementor-top-column elementor-element elementor-element-774528c\" data-id=\"774528c\" data-element_type=\"column\">\n\t\t\t<div class=\"elementor-widget-wrap elementor-element-populated\">\n\t\t\t\t\t\t<div class=\"elementor-element elementor-element-36ce0e2 elementor-widget elementor-widget-heading\" data-id=\"36ce0e2\" data-element_type=\"widget\" data-widget_type=\"heading.default\">\n\t\t\t\t<div class=\"elementor-widget-container\">\n\t\t\t<p class=\"elementor-heading-title elementor-size-default\"><b>Jungle<\/b> je sigurno ostvarenje svih <b>de\u010dijih snova<\/b>, sve ono o \u010demu  jedno dete ma\u0161ta, mi pretvaramo u stvarnost. <br><br>Optimalni klimatski uslovi, bujna vegetacija sa lijanama, drve\u0107em, jezerima (tobogani, sundjerasti valjci, bazeni sa lopticama) \u010dine mesto u kom bi mnogi po\u017eeleli da ostanu <b>ve\u010dno<\/b> i <b>radost<\/b> dele sa svima koji im se pridru\u017ee.<br><br> Jungle priroda je od <b>najkvalitetnijih<\/b> materijala (u skladu sa evropskim standardima), a za najmladje od dve i tri godine postoji poseban deo. <br><br>Jungle prijatelji su <b>treneri<\/b> koji Vas obu\u010davaju kako da se kre\u0107ete kroz Jungle i koji Vam poma\u017eu da otkrijete sve njene tajne.<\/p>\t\t<\/div>\n\t\t\t\t<\/div>\n\t\t\t\t\t<\/div>\n\t\t<\/div>\n\t\t\t\t<div class=\"elementor-column elementor-col-50 elementor-top-column elementor-element elementor-element-647e146\" data-id=\"647e146\" data-element_type=\"column\">\n\t\t\t<div class=\"elementor-widget-wrap elementor-element-populated\">\n\t\t\t\t\t\t<div class=\"elementor-element elementor-element-2d00ed8 elementor-invisible elementor-widget elementor-widget-image\" data-id=\"2d00ed8\" data-element_type=\"widget\" data-settings=\"{&quot;_animation&quot;:&quot;slideInRight&quot;}\" data-widget_type=\"image.default\">\n\t\t\t\t<div class=\"elementor-widget-container\">\n\t\t\t\t\t\t\t\t\t\t\t\t\t<img fetchpriority=\"high\" decoding=\"async\" width=\"1024\" height=\"684\" src=\"https:\/\/jungle.rs\/wp-content\/uploads\/2022\/09\/WhatsApp-Image-2022-09-27-at-5.08.46-PM-8.jpeg\" class=\"attachment-full size-full wp-image-675\" alt=\"\" srcset=\"https:\/\/jungle.rs\/wp-content\/uploads\/2022\/09\/WhatsApp-Image-2022-09-27-at-5.08.46-PM-8.jpeg 1024w, https:\/\/jungle.rs\/wp-content\/uploads\/2022\/09\/WhatsApp-Image-2022-09-27-at-5.08.46-PM-8-300x200.jpeg 300w, https:\/\/jungle.rs\/wp-content\/uploads\/2022\/09\/WhatsApp-Image-2022-09-27-at-5.08.46-PM-8-768x513.jpeg 768w\" sizes=\"(max-width: 1024px) 100vw, 1024px\" \/>\t\t\t\t\t\t\t\t\t\t\t\t\t<\/div>\n\t\t\t\t<\/div>\n\t\t\t\t\t<\/div>\n\t\t<\/div>\n\t\t\t\t\t<\/div>\n\t\t<\/section>\n\t\t\t\t<section class=\"elementor-section elementor-top-section elementor-element elementor-element-45480ca elementor-section-content-middle elementor-reverse-mobile elementor-reverse-tablet elementor-section-boxed elementor-section-height-default elementor-section-height-default\" data-id=\"45480ca\" data-element_type=\"section\" data-settings=\"{&quot;background_background&quot;:&quot;classic&quot;}\">\n\t\t\t\t\t\t<div class=\"elementor-container elementor-column-gap-default\">\n\t\t\t\t\t<div class=\"elementor-column elementor-col-50 elementor-top-column elementor-element elementor-element-cb843a7\" data-id=\"cb843a7\" data-element_type=\"column\">\n\t\t\t<div class=\"elementor-widget-wrap elementor-element-populated\">\n\t\t\t\t\t\t<div class=\"elementor-element elementor-element-0f5ef18 elementor-invisible elementor-widget elementor-widget-image\" data-id=\"0f5ef18\" data-element_type=\"widget\" data-settings=\"{&quot;_animation&quot;:&quot;slideInLeft&quot;}\" data-widget_type=\"image.default\">\n\t\t\t\t<div class=\"elementor-widget-container\">\n\t\t\t\t\t\t\t\t\t\t\t\t\t<img decoding=\"async\" width=\"1024\" height=\"683\" src=\"https:\/\/jungle.rs\/wp-content\/uploads\/2022\/09\/WhatsApp-Image-2022-09-27-at-5.08.46-PM-7.jpeg\" class=\"attachment-1536x1536 size-1536x1536 wp-image-674\" alt=\"\" srcset=\"https:\/\/jungle.rs\/wp-content\/uploads\/2022\/09\/WhatsApp-Image-2022-09-27-at-5.08.46-PM-7.jpeg 1024w, https:\/\/jungle.rs\/wp-content\/uploads\/2022\/09\/WhatsApp-Image-2022-09-27-at-5.08.46-PM-7-300x200.jpeg 300w, https:\/\/jungle.rs\/wp-content\/uploads\/2022\/09\/WhatsApp-Image-2022-09-27-at-5.08.46-PM-7-768x512.jpeg 768w\" sizes=\"(max-width: 1024px) 100vw, 1024px\" \/>\t\t\t\t\t\t\t\t\t\t\t\t\t<\/div>\n\t\t\t\t<\/div>\n\t\t\t\t\t<\/div>\n\t\t<\/div>\n\t\t\t\t<div class=\"elementor-column elementor-col-50 elementor-top-column elementor-element elementor-element-0880a4a elementor-invisible\" data-id=\"0880a4a\" data-element_type=\"column\" data-settings=\"{&quot;animation&quot;:&quot;slideInRight&quot;}\">\n\t\t\t<div class=\"elementor-widget-wrap elementor-element-populated\">\n\t\t\t\t\t\t<div class=\"elementor-element elementor-element-008d7ff elementor-widget elementor-widget-heading\" data-id=\"008d7ff\" data-element_type=\"widget\" data-widget_type=\"heading.default\">\n\t\t\t\t<div class=\"elementor-widget-container\">\n\t\t\t<p class=\"elementor-heading-title elementor-size-default\">U jungle igraonici, pored jedinstvenog sadr\u017eaja zabave i igre koji nudimo svaki dan, mo\u017eete proslaviti i Va\u0161 najva\u017eniji dan, rodjendan Va\u0161eg princa ili princeze. Potrudi\u0107emo se da sve Va\u0161e \u017eelje usli\u0161imo, i da provod bude \u010daroban.<\/p>\t\t<\/div>\n\t\t\t\t<\/div>\n\t\t\t\t\t<\/div>\n\t\t<\/div>\n\t\t\t\t\t<\/div>\n\t\t<\/section>\n\t\t\t\t<section class=\"elementor-section elementor-top-section elementor-element elementor-element-738f9c2 elementor-section-content-middle elementor-section-boxed elementor-section-height-default elementor-section-height-default\" data-id=\"738f9c2\" data-element_type=\"section\">\n\t\t\t\t\t\t<div class=\"elementor-container elementor-column-gap-default\">\n\t\t\t\t\t<div class=\"elementor-column elementor-col-50 elementor-top-column elementor-element elementor-element-93c9367 elementor-invisible\" data-id=\"93c9367\" data-element_type=\"column\" data-settings=\"{&quot;animation&quot;:&quot;slideInLeft&quot;}\">\n\t\t\t<div class=\"elementor-widget-wrap elementor-element-populated\">\n\t\t\t\t\t\t<div class=\"elementor-element elementor-element-7d77253 elementor-widget elementor-widget-heading\" data-id=\"7d77253\" data-element_type=\"widget\" data-widget_type=\"heading.default\">\n\t\t\t\t<div class=\"elementor-widget-container\">\n\t\t\t<h2 class=\"elementor-heading-title elementor-size-xl\">Kontaktirajte nas!<\/h2>\t\t<\/div>\n\t\t\t\t<\/div>\n\t\t\t\t<div class=\"elementor-element elementor-element-513e097 elementor-widget elementor-widget-text-editor\" data-id=\"513e097\" data-element_type=\"widget\" data-widget_type=\"text-editor.default\">\n\t\t\t\t<div class=\"elementor-widget-container\">\n\t\t\t\t\t\t\t<h3>Radno vreme:<\/h3>\n<p>Utorak &#8211; Petak: 14:00 &#8211; 21:00<\/p>\n<p>Subota &#8211; Nedelja: 11:00 &#8211; 21:00<\/p>\n<p><strong>Adresa<\/strong>: Milana Jovanovica 14a, Beograd ( <b>Ulaz iz Trgova\u010dke<\/b> )<\/p>\n<p><strong>Tel<\/strong>: <a href=\"tel:+381112398300\">011 \/ 23 \u2013 98 \u2013 300<\/a><\/p>\n<p><strong>Mob<\/strong>: <a href=\"tel:+38163495314\">063 \/ 495 \u2013 314<\/a><\/p>\n<p><strong>Email<\/strong>:&nbsp;<a href=\"mailto:info@jungle.rs\">info@jungle.rs<\/a><\/p>\t\t\t\t\t\t<\/div>\n\t\t\t\t<\/div>\n\t\t\t\t\t<\/div>\n\t\t<\/div>\n\t\t\t\t<div class=\"elementor-column elementor-col-50 elementor-top-column elementor-element elementor-element-3e7c342 elementor-invisible\" data-id=\"3e7c342\" data-element_type=\"column\" data-settings=\"{&quot;animation&quot;:&quot;slideInRight&quot;}\">\n\t\t\t<div class=\"elementor-widget-wrap elementor-element-populated\">\n\t\t\t\t\t\t<div class=\"elementor-element elementor-element-78d3122 elementor-widget elementor-widget-google_maps\" data-id=\"78d3122\" data-element_type=\"widget\" data-widget_type=\"google_maps.default\">\n\t\t\t\t<div class=\"elementor-widget-container\">\n\t\t\t\t\t<div class=\"elementor-custom-embed\">\n\t\t\t<iframe loading=\"lazy\"\n\t\t\t\t\tsrc=\"https:\/\/maps.google.com\/maps?q=Milana%20Jovanovi%C4%87a%2014a%2C%20Beograd&#038;t=m&#038;z=15&#038;output=embed&#038;iwloc=near\"\n\t\t\t\t\ttitle=\"Milana Jovanovi\u0107a 14a, Beograd\"\n\t\t\t\t\taria-label=\"Milana Jovanovi\u0107a 14a, Beograd\"\n\t\t\t><\/iframe>\n\t\t<\/div>\n\t\t\t\t<\/div>\n\t\t\t\t<\/div>\n\t\t\t\t\t<\/div>\n\t\t<\/div>\n\t\t\t\t\t<\/div>\n\t\t<\/section>\n\t\t\t\t<\/div>\n\t\t","protected":false},"excerpt":{"rendered":"<p>Jungle igraonica Jungle je sigurno ostvarenje svih de\u010dijih snova, sve ono o \u010demu jedno dete ma\u0161ta, mi pretvaramo u stvarnost. Optimalni klimatski uslovi, bujna vegetacija sa lijanama, drve\u0107em, jezerima (tobogani, sundjerasti valjci, bazeni sa lopticama) \u010dine mesto u kom bi mnogi po\u017eeleli da ostanu ve\u010dno i radost dele sa svima koji im se pridru\u017ee. Jungle [&hellip;]<\/p>\n","protected":false},"author":2,"featured_media":0,"parent":0,"menu_order":0,"comment_status":"closed","ping_status":"closed","template":"","meta":{"ocean_post_layout":"full-screen","ocean_both_sidebars_style":"","ocean_both_sidebars_content_width":0,"ocean_both_sidebars_sidebars_width":0,"ocean_sidebar":"0","ocean_second_sidebar":"0","ocean_disable_margins":"on","ocean_add_body_class":"","ocean_shortcode_before_top_bar":"","ocean_shortcode_after_top_bar":"","ocean_shortcode_before_header":"","ocean_shortcode_after_header":"","ocean_has_shortcode":"","ocean_shortcode_after_title":"","ocean_shortcode_before_footer_widgets":"","ocean_shortcode_after_footer_widgets":"","ocean_shortcode_before_footer_bottom":"","ocean_shortcode_after_footer_bottom":"","ocean_display_top_bar":"default","ocean_display_header":"default","ocean_header_style":"","ocean_center_header_left_menu":"0","ocean_custom_header_template":"0","ocean_custom_logo":0,"ocean_custom_retina_logo":0,"ocean_custom_logo_max_width":0,"ocean_custom_logo_tablet_max_width":0,"ocean_custom_logo_mobile_max_width":0,"ocean_custom_logo_max_height":0,"ocean_custom_logo_tablet_max_height":0,"ocean_custom_logo_mobile_max_height":0,"ocean_header_custom_menu":"0","ocean_menu_typo_font_family":"0","ocean_menu_typo_font_subset":"","ocean_menu_typo_font_size":0,"ocean_menu_typo_font_size_tablet":0,"ocean_menu_typo_font_size_mobile":0,"ocean_menu_typo_font_size_unit":"px","ocean_menu_typo_font_weight":"","ocean_menu_typo_font_weight_tablet":"","ocean_menu_typo_font_weight_mobile":"","ocean_menu_typo_transform":"","ocean_menu_typo_transform_tablet":"","ocean_menu_typo_transform_mobile":"","ocean_menu_typo_line_height":0,"ocean_menu_typo_line_height_tablet":0,"ocean_menu_typo_line_height_mobile":0,"ocean_menu_typo_line_height_unit":"","ocean_menu_typo_spacing":0,"ocean_menu_typo_spacing_tablet":0,"ocean_menu_typo_spacing_mobile":0,"ocean_menu_typo_spacing_unit":"","ocean_menu_link_color":"","ocean_menu_link_color_hover":"","ocean_menu_link_color_active":"","ocean_menu_link_background":"","ocean_menu_link_hover_background":"","ocean_menu_link_active_background":"","ocean_menu_social_links_bg":"","ocean_menu_social_hover_links_bg":"","ocean_menu_social_links_color":"","ocean_menu_social_hover_links_color":"","ocean_disable_title":"on","ocean_disable_heading":"on","ocean_post_title":"","ocean_post_subheading":"","ocean_post_title_style":"","ocean_post_title_background_color":"","ocean_post_title_background":0,"ocean_post_title_bg_image_position":"","ocean_post_title_bg_image_attachment":"","ocean_post_title_bg_image_repeat":"","ocean_post_title_bg_image_size":"","ocean_post_title_height":0,"ocean_post_title_bg_overlay":0.5,"ocean_post_title_bg_overlay_color":"","ocean_disable_breadcrumbs":"off","ocean_breadcrumbs_color":"","ocean_breadcrumbs_separator_color":"","ocean_breadcrumbs_links_color":"","ocean_breadcrumbs_links_hover_color":"","ocean_display_footer_widgets":"default","ocean_display_footer_bottom":"default","ocean_custom_footer_template":"0","footnotes":""},"class_list":["post-368","page","type-page","status-publish","hentry","entry"],"_links":{"self":[{"href":"https:\/\/jungle.rs\/index.php?rest_route=\/wp\/v2\/pages\/368","targetHints":{"allow":["GET"]}}],"collection":[{"href":"https:\/\/jungle.rs\/index.php?rest_route=\/wp\/v2\/pages"}],"about":[{"href":"https:\/\/jungle.rs\/index.php?rest_route=\/wp\/v2\/types\/page"}],"author":[{"embeddable":true,"href":"https:\/\/jungle.rs\/index.php?rest_route=\/wp\/v2\/users\/2"}],"replies":[{"embeddable":true,"href":"https:\/\/jungle.rs\/index.php?rest_route=%2Fwp%2Fv2%2Fcomments&post=368"}],"version-history":[{"count":83,"href":"https:\/\/jungle.rs\/index.php?rest_route=\/wp\/v2\/pages\/368\/revisions"}],"predecessor-version":[{"id":1005,"href":"https:\/\/jungle.rs\/index.php?rest_route=\/wp\/v2\/pages\/368\/revisions\/1005"}],"wp:attachment":[{"href":"https:\/\/jungle.rs\/index.php?rest_route=%2Fwp%2Fv2%2Fmedia&parent=368"}],"curies":[{"name":"wp","href":"https:\/\/api.w.org\/{rel}","templated":true}]}}